{"id":125,"date":"2025-07-25T09:37:27","date_gmt":"2025-07-25T07:37:27","guid":{"rendered":"http:\/\/139.84.233.196\/acbf.org\/?page_id=125"},"modified":"2025-08-14T11:41:24","modified_gmt":"2025-08-14T09:41:24","slug":"ubora-academy","status":"publish","type":"page","link":"http:\/\/theacbf.org\/fr\/ubora-academy\/","title":{"rendered":"Acad\u00e9mie UBORA"},"content":{"rendered":"<h4 class=\"wp-block-heading\">Votre plateforme d'apprentissage et de partage des connaissances de r\u00e9f\u00e9rence<\/h4>\n\n\n\n<p>D\u00e9couvrez des cours, webinaires et podcasts dynamiques con\u00e7us pour doter les secteurs public, priv\u00e9 et de la soci\u00e9t\u00e9 civile des comp\u00e9tences et des connaissances n\u00e9cessaires pour impulser le changement en Afrique. Parmi les formations propos\u00e9es\u00a0:<\/p>\n\n\n\n<ul class=\"wp-block-list\">\n<li>Programme de d\u00e9veloppement de l'excellence en fiscalit\u00e9 et en administration (BETA)<\/li>\n\n\n\n<li>Programme d'excellence en leadership dans le secteur public africain (LEAPS)<\/li>\n\n\n\n<li>Webinaires et podcasts<\/li>\n<\/ul>\n\n\n\n<div class=\"wp-block-buttons is-layout-flex wp-block-buttons-is-layout-flex\">\n<div class=\"wp-block-button\"><a class=\"wp-block-button__link wp-element-button\" href=\"https:\/\/uboraacademy.africa\/\" target=\"_blank\" rel=\"noreferrer noopener\">En savoir davantage<\/a><\/div>\n<\/div>","protected":false},"excerpt":{"rendered":"<p>Votre plateforme d'apprentissage et de partage des connaissances de r\u00e9f\u00e9rence<\/p>","protected":false},"author":1,"featured_media":0,"parent":0,"menu_order":0,"comment_status":"closed","ping_status":"closed","template":"","meta":{"_acf_changed":false,"footnotes":""},"class_list":["post-125","page","type-page","status-publish","hentry"],"acf":[],"_links":{"self":[{"href":"http:\/\/theacbf.org\/fr\/wp-json\/wp\/v2\/pages\/125","targetHints":{"allow":["GET"]}}],"collection":[{"href":"http:\/\/theacbf.org\/fr\/wp-json\/wp\/v2\/pages"}],"about":[{"href":"http:\/\/theacbf.org\/fr\/wp-json\/wp\/v2\/types\/page"}],"author":[{"embeddable":true,"href":"http:\/\/theacbf.org\/fr\/wp-json\/wp\/v2\/users\/1"}],"replies":[{"embeddable":true,"href":"http:\/\/theacbf.org\/fr\/wp-json\/wp\/v2\/comments?post=125"}],"version-history":[{"count":2,"href":"http:\/\/theacbf.org\/fr\/wp-json\/wp\/v2\/pages\/125\/revisions"}],"predecessor-version":[{"id":1560,"href":"http:\/\/theacbf.org\/fr\/wp-json\/wp\/v2\/pages\/125\/revisions\/1560"}],"wp:attachment":[{"href":"http:\/\/theacbf.org\/fr\/wp-json\/wp\/v2\/media?parent=125"}],"curies":[{"name":"wp","href":"https:\/\/api.w.org\/{rel}","templated":true}]}}